{"id":144,"date":"2023-09-01T14:10:52","date_gmt":"2023-09-01T12:10:52","guid":{"rendered":"https:\/\/instytutpsyche.pl\/?page_id=144"},"modified":"2025-03-13T14:55:44","modified_gmt":"2025-03-13T13:55:44","slug":"blog","status":"publish","type":"page","link":"https:\/\/instytutpsyche.pl\/terapia-i-leczenie-uzaleznien-tczew\/blog\/","title":{"rendered":"Blog"},"content":{"rendered":"\n<div class=\"wp-block-group\"><div class=\"wp-block-group__inner-container is-layout-constrained wp-block-group-is-layout-constrained\"><\/div><\/div>\n\n\n\n<div class=\"wp-block-columns is-layout-flex wp-container-core-columns-is-layout-9d6595d7 wp-block-columns-is-layout-flex\">\n<div class=\"wp-block-column is-layout-flow wp-block-column-is-layout-flow\" style=\"flex-basis:66.66%\">\n<figure class=\"wp-block-embed is-type-wp-embed is-provider-instytutpsyche-pl wp-block-embed-instytutpsyche-pl\"><div class=\"wp-block-embed__wrapper\">\n<blockquote class=\"wp-embedded-content\" data-secret=\"2gtP0qdTdA\"><a href=\"https:\/\/instytutpsyche.pl\/terapia-i-leczenie-uzaleznien-tczew\/procedura-zobowiazania-do-leczenia-odwykowego\/\">Procedura zobowi\u0105zania do leczenia odwykowego.<\/a><\/blockquote><iframe loading=\"lazy\" class=\"wp-embedded-content\" sandbox=\"allow-scripts\" security=\"restricted\" style=\"position: absolute; visibility: hidden;\" title=\"&#8222;Procedura zobowi\u0105zania do leczenia odwykowego.&#8221; &#8212; instytutpsyche.pl\" src=\"https:\/\/instytutpsyche.pl\/terapia-i-leczenie-uzaleznien-tczew\/procedura-zobowiazania-do-leczenia-odwykowego\/embed\/#?secret=aLU8ib2VuX#?secret=2gtP0qdTdA\" data-secret=\"2gtP0qdTdA\" width=\"600\" height=\"338\" frameborder=\"0\" marginwidth=\"0\" marginheight=\"0\" scrolling=\"no\"><\/iframe>\n<\/div><\/figure>\n\n\n\n<figure class=\"wp-block-embed is-type-wp-embed is-provider-instytutpsyche-pl wp-block-embed-instytutpsyche-pl\"><div class=\"wp-block-embed__wrapper\">\n<blockquote class=\"wp-embedded-content\" data-secret=\"ANgOclOB3M\"><a href=\"https:\/\/instytutpsyche.pl\/terapia-i-leczenie-uzaleznien-tczew\/uzaleznienie-od-internetu\/\">Uzale\u017cnienie od Internetu<\/a><\/blockquote><iframe loading=\"lazy\" class=\"wp-embedded-content\" sandbox=\"allow-scripts\" security=\"restricted\" style=\"position: absolute; visibility: hidden;\" title=\"&#8222;Uzale\u017cnienie od Internetu&#8221; &#8212; instytutpsyche.pl\" src=\"https:\/\/instytutpsyche.pl\/terapia-i-leczenie-uzaleznien-tczew\/uzaleznienie-od-internetu\/embed\/#?secret=Tnmp8rnXYD#?secret=ANgOclOB3M\" data-secret=\"ANgOclOB3M\" width=\"600\" height=\"338\" frameborder=\"0\" marginwidth=\"0\" marginheight=\"0\" scrolling=\"no\"><\/iframe>\n<\/div><\/figure>\n\n\n\n<figure class=\"wp-block-embed is-type-wp-embed is-provider-instytutpsyche-pl wp-block-embed-instytutpsyche-pl\"><div class=\"wp-block-embed__wrapper\">\n<blockquote class=\"wp-embedded-content\" data-secret=\"EtEB8o056l\"><a href=\"https:\/\/instytutpsyche.pl\/terapia-i-leczenie-uzaleznien-tczew\/uzaleznienie-od-komputera\/\">Uzale\u017cnienie od komputera<\/a><\/blockquote><iframe loading=\"lazy\" class=\"wp-embedded-content\" sandbox=\"allow-scripts\" security=\"restricted\" style=\"position: absolute; visibility: hidden;\" title=\"&#8222;Uzale\u017cnienie od komputera&#8221; &#8212; instytutpsyche.pl\" src=\"https:\/\/instytutpsyche.pl\/terapia-i-leczenie-uzaleznien-tczew\/uzaleznienie-od-komputera\/embed\/#?secret=h5ZQ7EUPBY#?secret=EtEB8o056l\" data-secret=\"EtEB8o056l\" width=\"600\" height=\"338\" frameborder=\"0\" marginwidth=\"0\" marginheight=\"0\" scrolling=\"no\"><\/iframe>\n<\/div><\/figure>\n\n\n\n<figure class=\"wp-block-embed is-type-wp-embed is-provider-instytutpsyche-pl wp-block-embed-instytutpsyche-pl\"><div class=\"wp-block-embed__wrapper\">\n<blockquote class=\"wp-embedded-content\" data-secret=\"2P5FHL0zOG\"><a href=\"https:\/\/instytutpsyche.pl\/terapia-i-leczenie-uzaleznien-tczew\/substancje-psychoaktywne\/\">Substancje psychoaktywne<\/a><\/blockquote><iframe loading=\"lazy\" class=\"wp-embedded-content\" sandbox=\"allow-scripts\" security=\"restricted\" style=\"position: absolute; visibility: hidden;\" title=\"&#8222;Substancje psychoaktywne&#8221; &#8212; instytutpsyche.pl\" src=\"https:\/\/instytutpsyche.pl\/terapia-i-leczenie-uzaleznien-tczew\/substancje-psychoaktywne\/embed\/#?secret=gkMplzrHfb#?secret=2P5FHL0zOG\" data-secret=\"2P5FHL0zOG\" width=\"600\" height=\"338\" frameborder=\"0\" marginwidth=\"0\" marginheight=\"0\" scrolling=\"no\"><\/iframe>\n<\/div><\/figure>\n\n\n\n<figure class=\"wp-block-embed is-type-wp-embed is-provider-instytutpsyche-pl wp-block-embed-instytutpsyche-pl\"><div class=\"wp-block-embed__wrapper\">\n<blockquote class=\"wp-embedded-content\" data-secret=\"fs25xWmf2Y\"><a href=\"https:\/\/instytutpsyche.pl\/terapia-i-leczenie-uzaleznien-tczew\/test-audit\/\">Test na uzale\u017cnienie AUDIT<\/a><\/blockquote><iframe loading=\"lazy\" class=\"wp-embedded-content\" sandbox=\"allow-scripts\" security=\"restricted\" style=\"position: absolute; visibility: hidden;\" title=\"&#8222;Test na uzale\u017cnienie AUDIT&#8221; &#8212; instytutpsyche.pl\" src=\"https:\/\/instytutpsyche.pl\/terapia-i-leczenie-uzaleznien-tczew\/test-audit\/embed\/#?secret=igKcrh25y4#?secret=fs25xWmf2Y\" data-secret=\"fs25xWmf2Y\" width=\"600\" height=\"338\" frameborder=\"0\" marginwidth=\"0\" marginheight=\"0\" scrolling=\"no\"><\/iframe>\n<\/div><\/figure>\n\n\n\n<figure class=\"wp-block-embed is-type-wp-embed is-provider-instytutpsyche-pl wp-block-embed-instytutpsyche-pl\"><div class=\"wp-block-embed__wrapper\">\n<blockquote class=\"wp-embedded-content\" data-secret=\"rSJUhkrS0U\"><a href=\"https:\/\/instytutpsyche.pl\/terapia-i-leczenie-uzaleznien-tczew\/zespol-abstynencyjny-co-to-jest-objawy-i-jak-sobie-z-nim-radzic\/\">Zesp\u00f3\u0142 abstynencyjny \u2013 Co to jest, objawy i jak sobie z nim radzi\u0107?<\/a><\/blockquote><iframe loading=\"lazy\" class=\"wp-embedded-content\" sandbox=\"allow-scripts\" security=\"restricted\" style=\"position: absolute; visibility: hidden;\" title=\"&#8222;Zesp\u00f3\u0142 abstynencyjny \u2013 Co to jest, objawy i jak sobie z nim radzi\u0107?&#8221; &#8212; instytutpsyche.pl\" src=\"https:\/\/instytutpsyche.pl\/terapia-i-leczenie-uzaleznien-tczew\/zespol-abstynencyjny-co-to-jest-objawy-i-jak-sobie-z-nim-radzic\/embed\/#?secret=3uccYp686b#?secret=rSJUhkrS0U\" data-secret=\"rSJUhkrS0U\" width=\"600\" height=\"338\" frameborder=\"0\" marginwidth=\"0\" marginheight=\"0\" scrolling=\"no\"><\/iframe>\n<\/div><\/figure>\n\n\n\n<figure class=\"wp-block-embed is-type-wp-embed is-provider-instytutpsyche-pl wp-block-embed-instytutpsyche-pl\"><div class=\"wp-block-embed__wrapper\">\n<blockquote class=\"wp-embedded-content\" data-secret=\"cutUdvMrk8\"><a href=\"https:\/\/instytutpsyche.pl\/terapia-i-leczenie-uzaleznien-tczew\/koncentracja-wobec-picia-u-osoby-uzaleznionej-od-alkoholu-co-to-znaczy\/\">Koncentracja wok\u00f3\u0142 picia \u2013 co to znaczy?<\/a><\/blockquote><iframe loading=\"lazy\" class=\"wp-embedded-content\" sandbox=\"allow-scripts\" security=\"restricted\" style=\"position: absolute; visibility: hidden;\" title=\"&#8222;Koncentracja wok\u00f3\u0142 picia \u2013 co to znaczy?&#8221; &#8212; instytutpsyche.pl\" src=\"https:\/\/instytutpsyche.pl\/terapia-i-leczenie-uzaleznien-tczew\/koncentracja-wobec-picia-u-osoby-uzaleznionej-od-alkoholu-co-to-znaczy\/embed\/#?secret=4FPb0V8XfQ#?secret=cutUdvMrk8\" data-secret=\"cutUdvMrk8\" width=\"600\" height=\"338\" frameborder=\"0\" marginwidth=\"0\" marginheight=\"0\" scrolling=\"no\"><\/iframe>\n<\/div><\/figure>\n\n\n\n<figure class=\"wp-block-embed is-type-wp-embed is-provider-instytutpsyche-pl wp-block-embed-instytutpsyche-pl\"><div class=\"wp-block-embed__wrapper\">\n<blockquote class=\"wp-embedded-content\" data-secret=\"TDb1j6f3PY\"><a href=\"https:\/\/instytutpsyche.pl\/terapia-i-leczenie-uzaleznien-tczew\/objawy-uzaleznienia-od-substancji-wg-icd-10\/\">Objawy uzale\u017cnienia od substancji wg ICD 10<\/a><\/blockquote><iframe loading=\"lazy\" class=\"wp-embedded-content\" sandbox=\"allow-scripts\" security=\"restricted\" style=\"position: absolute; visibility: hidden;\" title=\"&#8222;Objawy uzale\u017cnienia od substancji wg ICD 10&#8221; &#8212; instytutpsyche.pl\" src=\"https:\/\/instytutpsyche.pl\/terapia-i-leczenie-uzaleznien-tczew\/objawy-uzaleznienia-od-substancji-wg-icd-10\/embed\/#?secret=h7P6cIF5j0#?secret=TDb1j6f3PY\" data-secret=\"TDb1j6f3PY\" width=\"600\" height=\"338\" frameborder=\"0\" marginwidth=\"0\" marginheight=\"0\" scrolling=\"no\"><\/iframe>\n<\/div><\/figure>\n\n\n\n<figure class=\"wp-block-embed is-type-wp-embed is-provider-instytutpsyche-pl wp-block-embed-instytutpsyche-pl\"><div class=\"wp-block-embed__wrapper\">\n<blockquote class=\"wp-embedded-content\" data-secret=\"L2b0krNx5Z\"><a href=\"https:\/\/instytutpsyche.pl\/terapia-i-leczenie-uzaleznien-tczew\/co-to-jest-uzaleznienie\/\">Uzale\u017cnienie &#8211;  co to jest?<\/a><\/blockquote><iframe loading=\"lazy\" class=\"wp-embedded-content\" sandbox=\"allow-scripts\" security=\"restricted\" style=\"position: absolute; visibility: hidden;\" title=\"&#8222;Uzale\u017cnienie &#8211;  co to jest?&#8221; &#8212; instytutpsyche.pl\" src=\"https:\/\/instytutpsyche.pl\/terapia-i-leczenie-uzaleznien-tczew\/co-to-jest-uzaleznienie\/embed\/#?secret=xsjG0sujwx#?secret=L2b0krNx5Z\" data-secret=\"L2b0krNx5Z\" width=\"600\" height=\"338\" frameborder=\"0\" marginwidth=\"0\" marginheight=\"0\" scrolling=\"no\"><\/iframe>\n<\/div><\/figure>\n\n\n\n<figure class=\"wp-block-embed is-type-wp-embed is-provider-instytutpsyche-pl wp-block-embed-instytutpsyche-pl\"><div class=\"wp-block-embed__wrapper\">\n<blockquote class=\"wp-embedded-content\" data-secret=\"MvgQ55pH1Z\"><a href=\"https:\/\/instytutpsyche.pl\/terapia-i-leczenie-uzaleznien-tczew\/glod-substancji-psychoaktywnych-objawy-i-sposoby-radzenia-sobie-z-nim\/\">G\u0142\u00f3d od substancji psychoaktywnych<\/a><\/blockquote><iframe loading=\"lazy\" class=\"wp-embedded-content\" sandbox=\"allow-scripts\" security=\"restricted\" style=\"position: absolute; visibility: hidden;\" title=\"&#8222;G\u0142\u00f3d od substancji psychoaktywnych&#8221; &#8212; instytutpsyche.pl\" src=\"https:\/\/instytutpsyche.pl\/terapia-i-leczenie-uzaleznien-tczew\/glod-substancji-psychoaktywnych-objawy-i-sposoby-radzenia-sobie-z-nim\/embed\/#?secret=ve8zH1RH7G#?secret=MvgQ55pH1Z\" data-secret=\"MvgQ55pH1Z\" width=\"600\" height=\"338\" frameborder=\"0\" marginwidth=\"0\" marginheight=\"0\" scrolling=\"no\"><\/iframe>\n<\/div><\/figure>\n<\/div>\n\n\n\n<div class=\"wp-block-column is-layout-flow wp-block-column-is-layout-flow\" style=\"flex-basis:33.33%\"><ul class=\"wp-block-latest-posts__list wp-block-latest-posts\"><li><a class=\"wp-block-latest-posts__post-title\" href=\"https:\/\/instytutpsyche.pl\/terapia-i-leczenie-uzaleznien-tczew\/procedura-zobowiazania-do-leczenia-odwykowego\/\">Procedura zobowi\u0105zania do leczenia odwykowego.<\/a><\/li>\n<li><a class=\"wp-block-latest-posts__post-title\" href=\"https:\/\/instytutpsyche.pl\/terapia-i-leczenie-uzaleznien-tczew\/uzaleznienie-od-internetu\/\">Uzale\u017cnienie od Internetu<\/a><\/li>\n<li><a class=\"wp-block-latest-posts__post-title\" href=\"https:\/\/instytutpsyche.pl\/terapia-i-leczenie-uzaleznien-tczew\/uzaleznienie-od-komputera\/\">Uzale\u017cnienie od komputera<\/a><\/li>\n<li><a class=\"wp-block-latest-posts__post-title\" href=\"https:\/\/instytutpsyche.pl\/terapia-i-leczenie-uzaleznien-tczew\/substancje-psychoaktywne\/\">Substancje psychoaktywne<\/a><\/li>\n<li><a class=\"wp-block-latest-posts__post-title\" href=\"https:\/\/instytutpsyche.pl\/terapia-i-leczenie-uzaleznien-tczew\/test-audit\/\">Test na uzale\u017cnienie AUDIT<\/a><\/li>\n<\/ul>\n\n<ul class=\"wp-block-archives-list wp-block-archives\">\t<li><a href='https:\/\/instytutpsyche.pl\/terapia-i-leczenie-uzaleznien-tczew\/2025\/03\/'>marzec 2025<\/a><\/li>\n\t<li><a href='https:\/\/instytutpsyche.pl\/terapia-i-leczenie-uzaleznien-tczew\/2025\/02\/'>luty 2025<\/a><\/li>\n\t<li><a href='https:\/\/instytutpsyche.pl\/terapia-i-leczenie-uzaleznien-tczew\/2023\/09\/'>wrzesie\u0144 2023<\/a><\/li>\n<\/ul><\/div>\n<\/div>\n\n\n\n<p><\/p>\n","protected":false},"excerpt":{"rendered":"","protected":false},"author":1,"featured_media":0,"parent":0,"menu_order":0,"comment_status":"closed","ping_status":"closed","template":"","meta":{"neve_meta_sidebar":"","neve_meta_container":"","neve_meta_enable_content_width":"","neve_meta_content_width":0,"neve_meta_title_alignment":"","neve_meta_author_avatar":"","neve_post_elements_order":"","neve_meta_disable_header":"","neve_meta_disable_footer":"","neve_meta_disable_title":"","footnotes":""},"class_list":["post-144","page","type-page","status-publish","hentry"],"yoast_head":"<!-- This site is optimized with the Yoast SEO plugin v27.4 - https:\/\/yoast.com\/product\/yoast-seo-wordpress\/ -->\n<title>Blog - instytutpsyche.pl<\/title>\n<meta name=\"robots\" content=\"index, follow, max-snippet:-1, max-image-preview:large, max-video-preview:-1\" \/>\n<link rel=\"canonical\" href=\"https:\/\/instytutpsyche.pl\/terapia-i-leczenie-uzaleznien-tczew\/blog\/\" \/>\n<meta property=\"og:locale\" content=\"pl_PL\" \/>\n<meta property=\"og:type\" content=\"article\" \/>\n<meta property=\"og:title\" content=\"Blog - instytutpsyche.pl\" \/>\n<meta property=\"og:url\" content=\"https:\/\/instytutpsyche.pl\/terapia-i-leczenie-uzaleznien-tczew\/blog\/\" \/>\n<meta property=\"og:site_name\" content=\"instytutpsyche.pl\" \/>\n<meta property=\"article:publisher\" content=\"https:\/\/www.facebook.com\/p\/Instytut-Psyche-terapia-profilaktyka-edukacja-100068676289225\/?locale=ga_IE\" \/>\n<meta property=\"article:modified_time\" content=\"2025-03-13T13:55:44+00:00\" \/>\n<meta name=\"twitter:card\" content=\"summary_large_image\" \/>\n<meta name=\"twitter:label1\" content=\"Szacowany czas czytania\" \/>\n\t<meta name=\"twitter:data1\" content=\"1 minuta\" \/>\n<script type=\"application\/ld+json\" class=\"yoast-schema-graph\">{\"@context\":\"https:\\\/\\\/schema.org\",\"@graph\":[{\"@type\":\"WebPage\",\"@id\":\"https:\\\/\\\/instytutpsyche.pl\\\/terapia-i-leczenie-uzaleznien-tczew\\\/blog\\\/\",\"url\":\"https:\\\/\\\/instytutpsyche.pl\\\/terapia-i-leczenie-uzaleznien-tczew\\\/blog\\\/\",\"name\":\"Blog - instytutpsyche.pl\",\"isPartOf\":{\"@id\":\"https:\\\/\\\/instytutpsyche.pl\\\/terapia-i-leczenie-uzaleznien-tczew\\\/#website\"},\"datePublished\":\"2023-09-01T12:10:52+00:00\",\"dateModified\":\"2025-03-13T13:55:44+00:00\",\"breadcrumb\":{\"@id\":\"https:\\\/\\\/instytutpsyche.pl\\\/terapia-i-leczenie-uzaleznien-tczew\\\/blog\\\/#breadcrumb\"},\"inLanguage\":\"pl-PL\",\"potentialAction\":[{\"@type\":\"ReadAction\",\"target\":[\"https:\\\/\\\/instytutpsyche.pl\\\/terapia-i-leczenie-uzaleznien-tczew\\\/blog\\\/\"]}]},{\"@type\":\"BreadcrumbList\",\"@id\":\"https:\\\/\\\/instytutpsyche.pl\\\/terapia-i-leczenie-uzaleznien-tczew\\\/blog\\\/#breadcrumb\",\"itemListElement\":[{\"@type\":\"ListItem\",\"position\":1,\"name\":\"Strona g\u0142\u00f3wna\",\"item\":\"https:\\\/\\\/instytutpsyche.pl\\\/terapia-i-leczenie-uzaleznien-tczew\\\/\"},{\"@type\":\"ListItem\",\"position\":2,\"name\":\"Blog\"}]},{\"@type\":\"WebSite\",\"@id\":\"https:\\\/\\\/instytutpsyche.pl\\\/terapia-i-leczenie-uzaleznien-tczew\\\/#website\",\"url\":\"https:\\\/\\\/instytutpsyche.pl\\\/terapia-i-leczenie-uzaleznien-tczew\\\/\",\"name\":\"instytutpsyche.pl\",\"description\":\"Gabinet leczenia uzale\u017cnie\u0144. Specjalizacja - terapia uzale\u017cnie\u0144 od alkoholu, narkotyk\u00f3w, lek\u00f3w i zachowa\u0144 behawioralnych: seksu, hazardu, zakup\u00f3w, Internetu.\",\"publisher\":{\"@id\":\"https:\\\/\\\/instytutpsyche.pl\\\/terapia-i-leczenie-uzaleznien-tczew\\\/#organization\"},\"potentialAction\":[{\"@type\":\"SearchAction\",\"target\":{\"@type\":\"EntryPoint\",\"urlTemplate\":\"https:\\\/\\\/instytutpsyche.pl\\\/terapia-i-leczenie-uzaleznien-tczew\\\/?s={search_term_string}\"},\"query-input\":{\"@type\":\"PropertyValueSpecification\",\"valueRequired\":true,\"valueName\":\"search_term_string\"}}],\"inLanguage\":\"pl-PL\"},{\"@type\":\"Organization\",\"@id\":\"https:\\\/\\\/instytutpsyche.pl\\\/terapia-i-leczenie-uzaleznien-tczew\\\/#organization\",\"name\":\"instytutpsyche.pl\",\"alternateName\":\"Instytut Psyche - terapia i leczenie uzale\u017cnie\u0144 w Tczewie\",\"url\":\"https:\\\/\\\/instytutpsyche.pl\\\/terapia-i-leczenie-uzaleznien-tczew\\\/\",\"logo\":{\"@type\":\"ImageObject\",\"inLanguage\":\"pl-PL\",\"@id\":\"https:\\\/\\\/instytutpsyche.pl\\\/terapia-i-leczenie-uzaleznien-tczew\\\/#\\\/schema\\\/logo\\\/image\\\/\",\"url\":\"https:\\\/\\\/instytutpsyche.pl\\\/wp-content\\\/uploads\\\/2022\\\/04\\\/logo-na-str-glowna.jpg\",\"contentUrl\":\"https:\\\/\\\/instytutpsyche.pl\\\/wp-content\\\/uploads\\\/2022\\\/04\\\/logo-na-str-glowna.jpg\",\"width\":1050,\"height\":600,\"caption\":\"instytutpsyche.pl\"},\"image\":{\"@id\":\"https:\\\/\\\/instytutpsyche.pl\\\/terapia-i-leczenie-uzaleznien-tczew\\\/#\\\/schema\\\/logo\\\/image\\\/\"},\"sameAs\":[\"https:\\\/\\\/www.facebook.com\\\/p\\\/Instytut-Psyche-terapia-profilaktyka-edukacja-100068676289225\\\/?locale=ga_IE\"]}]}<\/script>\n<!-- \/ Yoast SEO plugin. -->","yoast_head_json":{"title":"Blog - instytutpsyche.pl","robots":{"index":"index","follow":"follow","max-snippet":"max-snippet:-1","max-image-preview":"max-image-preview:large","max-video-preview":"max-video-preview:-1"},"canonical":"https:\/\/instytutpsyche.pl\/terapia-i-leczenie-uzaleznien-tczew\/blog\/","og_locale":"pl_PL","og_type":"article","og_title":"Blog - instytutpsyche.pl","og_url":"https:\/\/instytutpsyche.pl\/terapia-i-leczenie-uzaleznien-tczew\/blog\/","og_site_name":"instytutpsyche.pl","article_publisher":"https:\/\/www.facebook.com\/p\/Instytut-Psyche-terapia-profilaktyka-edukacja-100068676289225\/?locale=ga_IE","article_modified_time":"2025-03-13T13:55:44+00:00","twitter_card":"summary_large_image","twitter_misc":{"Szacowany czas czytania":"1 minuta"},"schema":{"@context":"https:\/\/schema.org","@graph":[{"@type":"WebPage","@id":"https:\/\/instytutpsyche.pl\/terapia-i-leczenie-uzaleznien-tczew\/blog\/","url":"https:\/\/instytutpsyche.pl\/terapia-i-leczenie-uzaleznien-tczew\/blog\/","name":"Blog - instytutpsyche.pl","isPartOf":{"@id":"https:\/\/instytutpsyche.pl\/terapia-i-leczenie-uzaleznien-tczew\/#website"},"datePublished":"2023-09-01T12:10:52+00:00","dateModified":"2025-03-13T13:55:44+00:00","breadcrumb":{"@id":"https:\/\/instytutpsyche.pl\/terapia-i-leczenie-uzaleznien-tczew\/blog\/#breadcrumb"},"inLanguage":"pl-PL","potentialAction":[{"@type":"ReadAction","target":["https:\/\/instytutpsyche.pl\/terapia-i-leczenie-uzaleznien-tczew\/blog\/"]}]},{"@type":"BreadcrumbList","@id":"https:\/\/instytutpsyche.pl\/terapia-i-leczenie-uzaleznien-tczew\/blog\/#breadcrumb","itemListElement":[{"@type":"ListItem","position":1,"name":"Strona g\u0142\u00f3wna","item":"https:\/\/instytutpsyche.pl\/terapia-i-leczenie-uzaleznien-tczew\/"},{"@type":"ListItem","position":2,"name":"Blog"}]},{"@type":"WebSite","@id":"https:\/\/instytutpsyche.pl\/terapia-i-leczenie-uzaleznien-tczew\/#website","url":"https:\/\/instytutpsyche.pl\/terapia-i-leczenie-uzaleznien-tczew\/","name":"instytutpsyche.pl","description":"Gabinet leczenia uzale\u017cnie\u0144. Specjalizacja - terapia uzale\u017cnie\u0144 od alkoholu, narkotyk\u00f3w, lek\u00f3w i zachowa\u0144 behawioralnych: seksu, hazardu, zakup\u00f3w, Internetu.","publisher":{"@id":"https:\/\/instytutpsyche.pl\/terapia-i-leczenie-uzaleznien-tczew\/#organization"},"potentialAction":[{"@type":"SearchAction","target":{"@type":"EntryPoint","urlTemplate":"https:\/\/instytutpsyche.pl\/terapia-i-leczenie-uzaleznien-tczew\/?s={search_term_string}"},"query-input":{"@type":"PropertyValueSpecification","valueRequired":true,"valueName":"search_term_string"}}],"inLanguage":"pl-PL"},{"@type":"Organization","@id":"https:\/\/instytutpsyche.pl\/terapia-i-leczenie-uzaleznien-tczew\/#organization","name":"instytutpsyche.pl","alternateName":"Instytut Psyche - terapia i leczenie uzale\u017cnie\u0144 w Tczewie","url":"https:\/\/instytutpsyche.pl\/terapia-i-leczenie-uzaleznien-tczew\/","logo":{"@type":"ImageObject","inLanguage":"pl-PL","@id":"https:\/\/instytutpsyche.pl\/terapia-i-leczenie-uzaleznien-tczew\/#\/schema\/logo\/image\/","url":"https:\/\/instytutpsyche.pl\/wp-content\/uploads\/2022\/04\/logo-na-str-glowna.jpg","contentUrl":"https:\/\/instytutpsyche.pl\/wp-content\/uploads\/2022\/04\/logo-na-str-glowna.jpg","width":1050,"height":600,"caption":"instytutpsyche.pl"},"image":{"@id":"https:\/\/instytutpsyche.pl\/terapia-i-leczenie-uzaleznien-tczew\/#\/schema\/logo\/image\/"},"sameAs":["https:\/\/www.facebook.com\/p\/Instytut-Psyche-terapia-profilaktyka-edukacja-100068676289225\/?locale=ga_IE"]}]}},"_links":{"self":[{"href":"https:\/\/instytutpsyche.pl\/terapia-i-leczenie-uzaleznien-tczew\/wp-json\/wp\/v2\/pages\/144","targetHints":{"allow":["GET"]}}],"collection":[{"href":"https:\/\/instytutpsyche.pl\/terapia-i-leczenie-uzaleznien-tczew\/wp-json\/wp\/v2\/pages"}],"about":[{"href":"https:\/\/instytutpsyche.pl\/terapia-i-leczenie-uzaleznien-tczew\/wp-json\/wp\/v2\/types\/page"}],"author":[{"embeddable":true,"href":"https:\/\/instytutpsyche.pl\/terapia-i-leczenie-uzaleznien-tczew\/wp-json\/wp\/v2\/users\/1"}],"replies":[{"embeddable":true,"href":"https:\/\/instytutpsyche.pl\/terapia-i-leczenie-uzaleznien-tczew\/wp-json\/wp\/v2\/comments?post=144"}],"version-history":[{"count":12,"href":"https:\/\/instytutpsyche.pl\/terapia-i-leczenie-uzaleznien-tczew\/wp-json\/wp\/v2\/pages\/144\/revisions"}],"predecessor-version":[{"id":387,"href":"https:\/\/instytutpsyche.pl\/terapia-i-leczenie-uzaleznien-tczew\/wp-json\/wp\/v2\/pages\/144\/revisions\/387"}],"wp:attachment":[{"href":"https:\/\/instytutpsyche.pl\/terapia-i-leczenie-uzaleznien-tczew\/wp-json\/wp\/v2\/media?parent=144"}],"curies":[{"name":"wp","href":"https:\/\/api.w.org\/{rel}","templated":true}]}}