{"id":134,"date":"2022-08-25T20:40:22","date_gmt":"2022-08-25T18:40:22","guid":{"rendered":"https:\/\/instytutpsyche.pl\/?page_id=134"},"modified":"2024-09-04T20:37:29","modified_gmt":"2024-09-04T18:37:29","slug":"grupy","status":"publish","type":"page","link":"https:\/\/instytutpsyche.pl\/terapia-i-leczenie-uzaleznien-tczew\/grupy\/","title":{"rendered":"Grupy"},"content":{"rendered":"\n<p>Grupa edukacyjno-terapeutyczna dla rodzic\u00f3w dzieci u\u017cywaj\u0105cych substancji psychoaktywnych \u2013 alkoholu, narkotyk\u00f3w, dopalaczy.<\/p>\n\n\n\n<p>Celami grupy s\u0105:<br>1. Integracja grupy: tworzenie i pog\u0142\u0119bianie w trakcie spotka\u0144 atmosfery wzajemnego zaufania i bezpiecze\u0144stwa.<br>2. Edukacja: mity i stereotypy dotycz\u0105ce uzale\u017cnienia; poznanie przyczyn u\u017cywania \u015brodk\u00f3w psychoaktywnych; schematy funkcjonowania os\u00f3b uwik\u0142anych w relacje z osob\u0105 u\u017cywaj\u0105c\u0105 \u015brodki psychoaktywne; poznanie form leczenia.<br>3. Komunikacja w relacjach: komunikacja werbalna i niewerbalna; nabywanie umiej\u0119tno\u015bci aktywnego s\u0142uchania.<br>4. Praca nad u\u015bwiadomieniem, odreagowaniem oraz obni\u017caniem napi\u0119cia wynikaj\u0105cego z : poczucia winy, poczucia krzywdy, wstydu, \u017calu, z\u0142o\u015bci, bezradno\u015bci.<br>5. Wsparcie: stworzenie miejsca do odreagowywania stan\u00f3w emocjonalnych; poznanie sposob\u00f3w na kontakt z dzieckiem; wymiana przez rodzic\u00f3w do\u015bwiadcze\u0144 \u017cyciowych.<\/p>\n\n\n\n<p>Grupa p\u00f3\u0142otwarta.<\/p>\n\n\n\n<p>Cykl spotka\u0144 to 15 dwugodzinnych sesji (z 15 minutow\u0105 przerw\u0105).<br>Wielko\u015b\u0107 grupy do 12 os\u00f3b.<\/p>\n\n\n\n<p>Osoby zainteresowane zapraszam na bezp\u0142atn\u0105 konsultacj\u0119. Kontakt telefoniczny: 728 087 172<\/p>\n\n\n\n<p>Koszt udzia\u0142u w grupie: 50z\u0142 za 1 osob\u0119\/spotkanie. Przy p\u0142atno\u015bci z g\u00f3ry za ca\u0142y cykl &#8211; 650 z\u0142.<br>Rozpocz\u0119cie grupy: 19.09.2022 o godz. 18.00.<br>Miejsce spotka\u0144:<br>Instytut Psyche \u2013 terapia, profilaktyka, edukacja<br>Tczew, ul. Konarskiego 14a.<\/p>\n\n\n\n<p>Wi\u0119cej informacji pod nr telefonu: 728 087 172 i na stronie InstytutPsyche.pl<\/p>\n\n\n\n<p>Prowadz\u0105cy:<br>Mariusz Haska<\/p>\n\n\n\n<p><\/p>\n","protected":false},"excerpt":{"rendered":"<p>Grupa edukacyjno-terapeutyczna dla rodzic\u00f3w dzieci u\u017cywaj\u0105cych substancji psychoaktywnych \u2013 alkoholu, narkotyk\u00f3w, dopalaczy. Celami grupy s\u0105:1. Integracja grupy: tworzenie i pog\u0142\u0119bianie w trakcie spotka\u0144 atmosfery wzajemnego zaufania i bezpiecze\u0144stwa.2. Edukacja: mity i stereotypy dotycz\u0105ce uzale\u017cnienia; poznanie przyczyn u\u017cywania \u015brodk\u00f3w psychoaktywnych; schematy funkcjonowania os\u00f3b uwik\u0142anych w relacje z osob\u0105 u\u017cywaj\u0105c\u0105 \u015brodki psychoaktywne; poznanie form leczenia.3. Komunikacja w&hellip;&nbsp;<a href=\"https:\/\/instytutpsyche.pl\/terapia-i-leczenie-uzaleznien-tczew\/grupy\/\" rel=\"bookmark\">Dowiedz si\u0119 wi\u0119cej &raquo;<span class=\"screen-reader-text\">Grupy<\/span><\/a><\/p>\n","protected":false},"author":1,"featured_media":0,"parent":0,"menu_order":0,"comment_status":"closed","ping_status":"closed","template":"","meta":{"neve_meta_sidebar":"","neve_meta_container":"","neve_meta_enable_content_width":"","neve_meta_content_width":0,"neve_meta_title_alignment":"","neve_meta_author_avatar":"","neve_post_elements_order":"","neve_meta_disable_header":"","neve_meta_disable_footer":"","neve_meta_disable_title":"","footnotes":""},"class_list":["post-134","page","type-page","status-publish","hentry"],"yoast_head":"<!-- This site is optimized with the Yoast SEO plugin v27.4 - https:\/\/yoast.com\/product\/yoast-seo-wordpress\/ -->\n<title>Grupy - instytutpsyche.pl<\/title>\n<meta name=\"robots\" content=\"index, follow, max-snippet:-1, max-image-preview:large, max-video-preview:-1\" \/>\n<link rel=\"canonical\" href=\"https:\/\/instytutpsyche.pl\/terapia-i-leczenie-uzaleznien-tczew\/grupy\/\" \/>\n<meta property=\"og:locale\" content=\"pl_PL\" \/>\n<meta property=\"og:type\" content=\"article\" \/>\n<meta property=\"og:title\" content=\"Grupy - instytutpsyche.pl\" \/>\n<meta property=\"og:description\" content=\"Grupa edukacyjno-terapeutyczna dla rodzic\u00f3w dzieci u\u017cywaj\u0105cych substancji psychoaktywnych \u2013 alkoholu, narkotyk\u00f3w, dopalaczy. Celami grupy s\u0105:1. Integracja grupy: tworzenie i pog\u0142\u0119bianie w trakcie spotka\u0144 atmosfery wzajemnego zaufania i bezpiecze\u0144stwa.2. Edukacja: mity i stereotypy dotycz\u0105ce uzale\u017cnienia; poznanie przyczyn u\u017cywania \u015brodk\u00f3w psychoaktywnych; schematy funkcjonowania os\u00f3b uwik\u0142anych w relacje z osob\u0105 u\u017cywaj\u0105c\u0105 \u015brodki psychoaktywne; poznanie form leczenia.3. Komunikacja w&hellip;&nbsp;Dowiedz si\u0119 wi\u0119cej &raquo;Grupy\" \/>\n<meta property=\"og:url\" content=\"https:\/\/instytutpsyche.pl\/terapia-i-leczenie-uzaleznien-tczew\/grupy\/\" \/>\n<meta property=\"og:site_name\" content=\"instytutpsyche.pl\" \/>\n<meta property=\"article:publisher\" content=\"https:\/\/www.facebook.com\/p\/Instytut-Psyche-terapia-profilaktyka-edukacja-100068676289225\/?locale=ga_IE\" \/>\n<meta property=\"article:modified_time\" content=\"2024-09-04T18:37:29+00:00\" \/>\n<meta name=\"twitter:card\" content=\"summary_large_image\" \/>\n<meta name=\"twitter:label1\" content=\"Szacowany czas czytania\" \/>\n\t<meta name=\"twitter:data1\" content=\"1 minuta\" \/>\n<script type=\"application\/ld+json\" class=\"yoast-schema-graph\">{\"@context\":\"https:\\\/\\\/schema.org\",\"@graph\":[{\"@type\":\"WebPage\",\"@id\":\"https:\\\/\\\/instytutpsyche.pl\\\/terapia-i-leczenie-uzaleznien-tczew\\\/grupy\\\/\",\"url\":\"https:\\\/\\\/instytutpsyche.pl\\\/terapia-i-leczenie-uzaleznien-tczew\\\/grupy\\\/\",\"name\":\"Grupy - instytutpsyche.pl\",\"isPartOf\":{\"@id\":\"https:\\\/\\\/instytutpsyche.pl\\\/terapia-i-leczenie-uzaleznien-tczew\\\/#website\"},\"datePublished\":\"2022-08-25T18:40:22+00:00\",\"dateModified\":\"2024-09-04T18:37:29+00:00\",\"breadcrumb\":{\"@id\":\"https:\\\/\\\/instytutpsyche.pl\\\/terapia-i-leczenie-uzaleznien-tczew\\\/grupy\\\/#breadcrumb\"},\"inLanguage\":\"pl-PL\",\"potentialAction\":[{\"@type\":\"ReadAction\",\"target\":[\"https:\\\/\\\/instytutpsyche.pl\\\/terapia-i-leczenie-uzaleznien-tczew\\\/grupy\\\/\"]}]},{\"@type\":\"BreadcrumbList\",\"@id\":\"https:\\\/\\\/instytutpsyche.pl\\\/terapia-i-leczenie-uzaleznien-tczew\\\/grupy\\\/#breadcrumb\",\"itemListElement\":[{\"@type\":\"ListItem\",\"position\":1,\"name\":\"Strona g\u0142\u00f3wna\",\"item\":\"https:\\\/\\\/instytutpsyche.pl\\\/terapia-i-leczenie-uzaleznien-tczew\\\/\"},{\"@type\":\"ListItem\",\"position\":2,\"name\":\"Grupy\"}]},{\"@type\":\"WebSite\",\"@id\":\"https:\\\/\\\/instytutpsyche.pl\\\/terapia-i-leczenie-uzaleznien-tczew\\\/#website\",\"url\":\"https:\\\/\\\/instytutpsyche.pl\\\/terapia-i-leczenie-uzaleznien-tczew\\\/\",\"name\":\"instytutpsyche.pl\",\"description\":\"Gabinet leczenia uzale\u017cnie\u0144. Specjalizacja - terapia uzale\u017cnie\u0144 od alkoholu, narkotyk\u00f3w, lek\u00f3w i zachowa\u0144 behawioralnych: seksu, hazardu, zakup\u00f3w, Internetu.\",\"publisher\":{\"@id\":\"https:\\\/\\\/instytutpsyche.pl\\\/terapia-i-leczenie-uzaleznien-tczew\\\/#organization\"},\"potentialAction\":[{\"@type\":\"SearchAction\",\"target\":{\"@type\":\"EntryPoint\",\"urlTemplate\":\"https:\\\/\\\/instytutpsyche.pl\\\/terapia-i-leczenie-uzaleznien-tczew\\\/?s={search_term_string}\"},\"query-input\":{\"@type\":\"PropertyValueSpecification\",\"valueRequired\":true,\"valueName\":\"search_term_string\"}}],\"inLanguage\":\"pl-PL\"},{\"@type\":\"Organization\",\"@id\":\"https:\\\/\\\/instytutpsyche.pl\\\/terapia-i-leczenie-uzaleznien-tczew\\\/#organization\",\"name\":\"instytutpsyche.pl\",\"alternateName\":\"Instytut Psyche - terapia i leczenie uzale\u017cnie\u0144 w Tczewie\",\"url\":\"https:\\\/\\\/instytutpsyche.pl\\\/terapia-i-leczenie-uzaleznien-tczew\\\/\",\"logo\":{\"@type\":\"ImageObject\",\"inLanguage\":\"pl-PL\",\"@id\":\"https:\\\/\\\/instytutpsyche.pl\\\/terapia-i-leczenie-uzaleznien-tczew\\\/#\\\/schema\\\/logo\\\/image\\\/\",\"url\":\"https:\\\/\\\/instytutpsyche.pl\\\/wp-content\\\/uploads\\\/2022\\\/04\\\/logo-na-str-glowna.jpg\",\"contentUrl\":\"https:\\\/\\\/instytutpsyche.pl\\\/wp-content\\\/uploads\\\/2022\\\/04\\\/logo-na-str-glowna.jpg\",\"width\":1050,\"height\":600,\"caption\":\"instytutpsyche.pl\"},\"image\":{\"@id\":\"https:\\\/\\\/instytutpsyche.pl\\\/terapia-i-leczenie-uzaleznien-tczew\\\/#\\\/schema\\\/logo\\\/image\\\/\"},\"sameAs\":[\"https:\\\/\\\/www.facebook.com\\\/p\\\/Instytut-Psyche-terapia-profilaktyka-edukacja-100068676289225\\\/?locale=ga_IE\"]}]}<\/script>\n<!-- \/ Yoast SEO plugin. -->","yoast_head_json":{"title":"Grupy - instytutpsyche.pl","robots":{"index":"index","follow":"follow","max-snippet":"max-snippet:-1","max-image-preview":"max-image-preview:large","max-video-preview":"max-video-preview:-1"},"canonical":"https:\/\/instytutpsyche.pl\/terapia-i-leczenie-uzaleznien-tczew\/grupy\/","og_locale":"pl_PL","og_type":"article","og_title":"Grupy - instytutpsyche.pl","og_description":"Grupa edukacyjno-terapeutyczna dla rodzic\u00f3w dzieci u\u017cywaj\u0105cych substancji psychoaktywnych \u2013 alkoholu, narkotyk\u00f3w, dopalaczy. Celami grupy s\u0105:1. Integracja grupy: tworzenie i pog\u0142\u0119bianie w trakcie spotka\u0144 atmosfery wzajemnego zaufania i bezpiecze\u0144stwa.2. Edukacja: mity i stereotypy dotycz\u0105ce uzale\u017cnienia; poznanie przyczyn u\u017cywania \u015brodk\u00f3w psychoaktywnych; schematy funkcjonowania os\u00f3b uwik\u0142anych w relacje z osob\u0105 u\u017cywaj\u0105c\u0105 \u015brodki psychoaktywne; poznanie form leczenia.3. Komunikacja w&hellip;&nbsp;Dowiedz si\u0119 wi\u0119cej &raquo;Grupy","og_url":"https:\/\/instytutpsyche.pl\/terapia-i-leczenie-uzaleznien-tczew\/grupy\/","og_site_name":"instytutpsyche.pl","article_publisher":"https:\/\/www.facebook.com\/p\/Instytut-Psyche-terapia-profilaktyka-edukacja-100068676289225\/?locale=ga_IE","article_modified_time":"2024-09-04T18:37:29+00:00","twitter_card":"summary_large_image","twitter_misc":{"Szacowany czas czytania":"1 minuta"},"schema":{"@context":"https:\/\/schema.org","@graph":[{"@type":"WebPage","@id":"https:\/\/instytutpsyche.pl\/terapia-i-leczenie-uzaleznien-tczew\/grupy\/","url":"https:\/\/instytutpsyche.pl\/terapia-i-leczenie-uzaleznien-tczew\/grupy\/","name":"Grupy - instytutpsyche.pl","isPartOf":{"@id":"https:\/\/instytutpsyche.pl\/terapia-i-leczenie-uzaleznien-tczew\/#website"},"datePublished":"2022-08-25T18:40:22+00:00","dateModified":"2024-09-04T18:37:29+00:00","breadcrumb":{"@id":"https:\/\/instytutpsyche.pl\/terapia-i-leczenie-uzaleznien-tczew\/grupy\/#breadcrumb"},"inLanguage":"pl-PL","potentialAction":[{"@type":"ReadAction","target":["https:\/\/instytutpsyche.pl\/terapia-i-leczenie-uzaleznien-tczew\/grupy\/"]}]},{"@type":"BreadcrumbList","@id":"https:\/\/instytutpsyche.pl\/terapia-i-leczenie-uzaleznien-tczew\/grupy\/#breadcrumb","itemListElement":[{"@type":"ListItem","position":1,"name":"Strona g\u0142\u00f3wna","item":"https:\/\/instytutpsyche.pl\/terapia-i-leczenie-uzaleznien-tczew\/"},{"@type":"ListItem","position":2,"name":"Grupy"}]},{"@type":"WebSite","@id":"https:\/\/instytutpsyche.pl\/terapia-i-leczenie-uzaleznien-tczew\/#website","url":"https:\/\/instytutpsyche.pl\/terapia-i-leczenie-uzaleznien-tczew\/","name":"instytutpsyche.pl","description":"Gabinet leczenia uzale\u017cnie\u0144. Specjalizacja - terapia uzale\u017cnie\u0144 od alkoholu, narkotyk\u00f3w, lek\u00f3w i zachowa\u0144 behawioralnych: seksu, hazardu, zakup\u00f3w, Internetu.","publisher":{"@id":"https:\/\/instytutpsyche.pl\/terapia-i-leczenie-uzaleznien-tczew\/#organization"},"potentialAction":[{"@type":"SearchAction","target":{"@type":"EntryPoint","urlTemplate":"https:\/\/instytutpsyche.pl\/terapia-i-leczenie-uzaleznien-tczew\/?s={search_term_string}"},"query-input":{"@type":"PropertyValueSpecification","valueRequired":true,"valueName":"search_term_string"}}],"inLanguage":"pl-PL"},{"@type":"Organization","@id":"https:\/\/instytutpsyche.pl\/terapia-i-leczenie-uzaleznien-tczew\/#organization","name":"instytutpsyche.pl","alternateName":"Instytut Psyche - terapia i leczenie uzale\u017cnie\u0144 w Tczewie","url":"https:\/\/instytutpsyche.pl\/terapia-i-leczenie-uzaleznien-tczew\/","logo":{"@type":"ImageObject","inLanguage":"pl-PL","@id":"https:\/\/instytutpsyche.pl\/terapia-i-leczenie-uzaleznien-tczew\/#\/schema\/logo\/image\/","url":"https:\/\/instytutpsyche.pl\/wp-content\/uploads\/2022\/04\/logo-na-str-glowna.jpg","contentUrl":"https:\/\/instytutpsyche.pl\/wp-content\/uploads\/2022\/04\/logo-na-str-glowna.jpg","width":1050,"height":600,"caption":"instytutpsyche.pl"},"image":{"@id":"https:\/\/instytutpsyche.pl\/terapia-i-leczenie-uzaleznien-tczew\/#\/schema\/logo\/image\/"},"sameAs":["https:\/\/www.facebook.com\/p\/Instytut-Psyche-terapia-profilaktyka-edukacja-100068676289225\/?locale=ga_IE"]}]}},"_links":{"self":[{"href":"https:\/\/instytutpsyche.pl\/terapia-i-leczenie-uzaleznien-tczew\/wp-json\/wp\/v2\/pages\/134","targetHints":{"allow":["GET"]}}],"collection":[{"href":"https:\/\/instytutpsyche.pl\/terapia-i-leczenie-uzaleznien-tczew\/wp-json\/wp\/v2\/pages"}],"about":[{"href":"https:\/\/instytutpsyche.pl\/terapia-i-leczenie-uzaleznien-tczew\/wp-json\/wp\/v2\/types\/page"}],"author":[{"embeddable":true,"href":"https:\/\/instytutpsyche.pl\/terapia-i-leczenie-uzaleznien-tczew\/wp-json\/wp\/v2\/users\/1"}],"replies":[{"embeddable":true,"href":"https:\/\/instytutpsyche.pl\/terapia-i-leczenie-uzaleznien-tczew\/wp-json\/wp\/v2\/comments?post=134"}],"version-history":[{"count":2,"href":"https:\/\/instytutpsyche.pl\/terapia-i-leczenie-uzaleznien-tczew\/wp-json\/wp\/v2\/pages\/134\/revisions"}],"predecessor-version":[{"id":180,"href":"https:\/\/instytutpsyche.pl\/terapia-i-leczenie-uzaleznien-tczew\/wp-json\/wp\/v2\/pages\/134\/revisions\/180"}],"wp:attachment":[{"href":"https:\/\/instytutpsyche.pl\/terapia-i-leczenie-uzaleznien-tczew\/wp-json\/wp\/v2\/media?parent=134"}],"curies":[{"name":"wp","href":"https:\/\/api.w.org\/{rel}","templated":true}]}}